{"id":21,"date":"2021-01-21T02:22:12","date_gmt":"2021-01-21T06:22:12","guid":{"rendered":"https:\/\/cochabamba.wordcamp.org\/2021\/code-of-conduct\/"},"modified":"2021-03-01T10:18:50","modified_gmt":"2021-03-01T14:18:50","slug":"code-of-conduct","status":"publish","type":"page","link":"https:\/\/cochabamba.wordcamp.org\/2021\/code-of-conduct\/","title":{"rendered":"C\u00f3digo de Conducta"},"content":{"rendered":"\n<h3 class=\"wp-block-heading\">Prop\u00f3sito<\/h3>\n\n\n\n<p class=\"wp-block-paragraph\"><em>WordCamp Cochabamba <\/em>cree en una&nbsp;<strong>comunidad abierta<\/strong>&nbsp;a todo el mundo. Como tal, estamos comprometidos a proporcionar un<strong>&nbsp;ambiente amigable, seguro y acogedor<\/strong>&nbsp;para todos independientemente de su sexo, orientaci\u00f3n sexual, discapacidad, etnia, religi\u00f3n, sistema operativo preferido, lenguaje de programaci\u00f3n o editor de texto.<\/p>\n\n\n\n<p class=\"wp-block-paragraph\">Este c\u00f3digo de conducta resume nuestras expectativas para el&nbsp;<strong>comportamiento de los participantes<\/strong>, as\u00ed como las consecuencias para el comportamiento inaceptable.<\/p>\n\n\n\n<p class=\"wp-block-paragraph\">Instamos a todos los patrocinadores, voluntarios, ponentes, asistentes y otros participantes a que ayuden a tener una experiencia de evento segura y agradable para todos.<\/p>\n\n\n\n<h2 class=\"wp-block-heading\">Comportamiento esperado<\/h2>\n\n\n\n<ul class=\"wp-block-list\"><li>Ser considerado, respetuoso y colaborativo.<\/li><li>Abstenerse de comportamiento degradante, discriminatorio o de acoso.<\/li><li>Ser consciente del entorno y de tus compa\u00f1eros participantes. Alerta a los organizadores si observas una situaci\u00f3n peligrosa o alguien en apuros.<\/li><li>Participa de una manera aut\u00e9ntica y activa. Al hacerlo, est\u00e1s ayudando a que\u00a0<em>WordCamp Cochabamba Online<\/em> sea una realidad.<\/li><\/ul>\n\n\n\n<h2 class=\"wp-block-heading\">Comportamiento inaceptable<\/h2>\n\n\n\n<p class=\"wp-block-paragraph\">Como comportamientos inaceptables se incluyen:<\/p>\n\n\n\n<ul class=\"wp-block-list\"><li>Intimidaci\u00f3n<\/li><li>Acoso<\/li><li>Abuso<\/li><li>Conducta discriminatoria<\/li><li>Tratamiento despectivo o degradante<\/li><\/ul>\n\n\n\n<p class=\"wp-block-paragraph\">Por parte de cualquier asistente, incluso virtual, de\u00a0<em>WordCamp Cochabamba Online<\/em>\u00a0y eventos relacionados.<\/p>\n\n\n\n<h3 class=\"wp-block-heading\">El acoso incluye:<\/h3>\n\n\n\n<ul class=\"wp-block-list\"><li>Comentarios verbales ofensivos relacionados con el g\u00e9nero, la orientaci\u00f3n sexual, la raza, la religi\u00f3n, la discapacidad.<\/li><li>Uso inadecuado de desnudez y\/o im\u00e1genes sexuales en cualquier entorno p\u00fablico (incluyendo diapositivas de una presentaci\u00f3n).<\/li><li>Intimidaci\u00f3n deliberada.<\/li><li>Acecho o acoso con fotograf\u00eda o grabaci\u00f3n.<\/li><li>Interrupci\u00f3n sostenida de charlas y otros eventos.<\/li><li>Contactos inapropiados.<\/li><li>Atenci\u00f3n sexual no deseada.<\/li><\/ul>\n\n\n\n<p class=\"wp-block-paragraph\">Al ser un evento online,&nbsp;<em>WordCamp Cochabamba<\/em>&nbsp;es un entorno p\u00fablico y puede ser compartido con otros visitantes. Por favor:<\/p>\n\n\n\n<figure class=\"wp-block-pullquote is-style-default\"><blockquote><p>S\u00e9 respetuoso con todos los visitantes de este entorno virtual<\/p><\/blockquote><\/figure>\n\n\n\n<h2 class=\"wp-block-heading\">Consecuencias de un comportamiento inaceptable<\/h2>\n\n\n\n<p class=\"wp-block-paragraph\">El comportamiento inaceptable no ser\u00e1 tolerado. Ya sea por parte de los asistentes, organizadores, patrocinadores u otros participantes en<em>WordCamp Cochabamba<\/em><strong>.<\/strong><\/p>\n\n\n\n<p class=\"wp-block-paragraph\">Se espera que cualquiera cumpla inmediatamente en caso de que se le llame la atenci\u00f3n por un comportamiento inaceptable.<\/p>\n\n\n\n<p class=\"wp-block-paragraph\">Si un participante se involucra en una conducta inaceptable, los organizadores del evento pueden tomar cualquier acci\u00f3n que consideren apropiada, incluso la expulsi\u00f3n del evento sin previo aviso o reembolso si fuera necesario.<\/p>\n\n\n\n<h2 class=\"wp-block-heading\">Qu\u00e9 hacer si eres testigo u objeto de un comportamiento inaceptable<\/h2>\n\n\n\n<p class=\"wp-block-paragraph\">Si est\u00e1s involucrado en un comportamiento inaceptable, eres testigo de otra persona con dicho comportamiento o tienes otras preocupaciones, por favor notif\u00edcalo a un organizador del evento tan pronto como sea posible.<\/p>\n\n\n\n<p class=\"wp-block-paragraph\">El equipo de&nbsp;<em>WordCamp Cochabamba <\/em>estar\u00e1 disponible para ofrecer cualquier tipo de ayuda a aquellos que experimentan un comportamiento inaceptable.<\/p>\n\n\n\n<h3 class=\"wp-block-heading\">Informaci\u00f3n de contacto<\/h3>\n\n\n\n<p class=\"wp-block-paragraph\">Cualquier voluntario o asistente puede ponerse en contacto con la organizaci\u00f3n desde&nbsp;<a href=\"https:\/\/cochabamba.wordcamp.org\/2021\/contact\/\">nuestra p\u00e1gina de contacto<\/a>.<\/p>\n\n\n\n<h2 class=\"wp-block-heading\">Ciudadan\u00eda Open Source<\/h2>\n\n\n\n<p class=\"wp-block-paragraph\">Un objetivo adicional de este c\u00f3digo de conducta es&nbsp;<strong>ampliar la ciudadan\u00eda de c\u00f3digo abierto<\/strong>&nbsp;alentando a los participantes a reconocer y fortalecer las relaciones entre lo que hacemos y&nbsp;<strong>la comunidad<\/strong>&nbsp;en general.<\/p>\n\n\n\n<p class=\"wp-block-paragraph\">Con este objetivo, los organizadores de&nbsp;<em>WordCamp Cochabamba <\/em>recoger\u00e1n candidaturas de personas ejemplares a lo largo de todo el evento y reconocer\u00e1n a selectos participantes despu\u00e9s de la conferencia en la web.<\/p>\n\n\n\n<p class=\"wp-block-paragraph\">Si ves a alguien que est\u00e1 haciendo un esfuerzo extra para asegurar que nuestra comunidad resulte acogedora, amable, y que anime a todos los participantes a contribuir en la mayor medida posible, lo queremos saber.<\/p>\n\n\n\n<p class=\"wp-block-paragraph\">Puedes nominar a alguien en la mesa de registro o dici\u00e9ndolo a alg\u00fan miembro de la organizaci\u00f3n.<\/p>\n\n\n\n<h2 class=\"wp-block-heading\">\u00c1mbito de aplicaci\u00f3n<\/h2>\n\n\n\n<p class=\"wp-block-paragraph\">Esperamos que todos los participantes del evento (patrocinadores, voluntarios, ponentes, asistentes y otros invitados) cumplan con el c\u00f3digo de conducta en todas las salas virtuales y eventos relacionados con&nbsp;<em>WordCamp Cochabamba<\/em>.<\/p>\n\n\n\n<h4 class=\"wp-block-heading\">Licencia y atribuci\u00f3n<\/h4>\n\n\n\n<p class=\"wp-block-paragraph\">Este c\u00f3digo de conducta es una copia directa del impresionante trabajo del&nbsp;<a rel=\"noreferrer noopener\" href=\"http:\/\/opensourcebridge.org\/about\/code-of-conduct\/\" target=\"_blank\">Open Source Bridge<\/a>, adaptado con la informaci\u00f3n de nuestra evento, y est\u00e1 liberado bajo una&nbsp;<a rel=\"noreferrer noopener\" href=\"https:\/\/creativecommons.org\/licenses\/by-sa\/3.0\/\" target=\"_blank\">Licencia Creative Commons Attribution-ShareAlike<\/a>.<\/p>\n","protected":false},"excerpt":{"rendered":"<p>Prop\u00f3sito WordCamp Cochabamba cree en una&nbsp;comunidad abierta&nbsp;a todo el mundo. Como tal, estamos comprometidos a proporcionar un&nbsp;ambiente amigable, seguro y acogedor&nbsp;para todos independientemente de su sexo, orientaci\u00f3n sexual, discapacidad, etnia, religi\u00f3n, sistema operativo preferido, lenguaje de programaci\u00f3n o editor de texto. Este c\u00f3digo de conducta resume nuestras expectativas para el&nbsp;comportamiento de los participantes, as\u00ed como&hellip; <a class=\"more-link\" href=\"https:\/\/cochabamba.wordcamp.org\/2021\/code-of-conduct\/\">Seguir leyendo <span class=\"screen-reader-text\">C\u00f3digo de Conducta<\/span><\/a><\/p>\n","protected":false},"author":15645268,"featured_media":0,"parent":0,"menu_order":0,"comment_status":"closed","ping_status":"closed","template":"","meta":{"_crdt_document":"","jetpack_post_was_ever_published":false,"footnotes":""},"class_list":["post-21","page","type-page","status-publish","hentry","entry"],"jetpack_sharing_enabled":true,"_links":{"self":[{"href":"https:\/\/cochabamba.wordcamp.org\/2021\/wp-json\/wp\/v2\/pages\/21","targetHints":{"allow":["GET"]}}],"collection":[{"href":"https:\/\/cochabamba.wordcamp.org\/2021\/wp-json\/wp\/v2\/pages"}],"about":[{"href":"https:\/\/cochabamba.wordcamp.org\/2021\/wp-json\/wp\/v2\/types\/page"}],"author":[{"embeddable":true,"href":"https:\/\/cochabamba.wordcamp.org\/2021\/wp-json\/wp\/v2\/users\/15645268"}],"replies":[{"embeddable":true,"href":"https:\/\/cochabamba.wordcamp.org\/2021\/wp-json\/wp\/v2\/comments?post=21"}],"version-history":[{"count":3,"href":"https:\/\/cochabamba.wordcamp.org\/2021\/wp-json\/wp\/v2\/pages\/21\/revisions"}],"predecessor-version":[{"id":722,"href":"https:\/\/cochabamba.wordcamp.org\/2021\/wp-json\/wp\/v2\/pages\/21\/revisions\/722"}],"wp:attachment":[{"href":"https:\/\/cochabamba.wordcamp.org\/2021\/wp-json\/wp\/v2\/media?parent=21"}],"curies":[{"name":"wp","href":"https:\/\/api.w.org\/{rel}","templated":true}]}}