{"id":13,"date":"2021-04-07T14:23:17","date_gmt":"2021-04-07T18:23:17","guid":{"rendered":"https:\/\/cochabamba.wordcamp.org\/2021\/?page_id=13"},"modified":"2021-06-24T19:55:13","modified_gmt":"2021-06-24T23:55:13","slug":"tickets","status":"publish","type":"page","link":"https:\/\/cochabamba.wordcamp.org\/2021\/tickets\/","title":{"rendered":"Registro"},"content":{"rendered":"\n<h3 class=\"has-text-align-center wp-block-heading\">Reg\u00edstrate como Asistente al WordCamp <\/h3>\n\n\n\n<p><strong>(Si tu correo es de Gmail, puede que la confirmaci\u00f3n de la entrada llegue a la pesta\u00f1a de Promociones o Sociales, por favor rev\u00edsalos)<\/strong><\/p>\n\n\n\n<p style=\"font-size:17px\"><strong>S\u00edguenos en nuestras redes sociales para tener m\u00e1s informaci\u00f3n a medida que se acerca el WordCamp:<\/strong><\/p>\n\n\n\n<ul class=\"wp-block-social-links has-huge-icon-size is-layout-flex wp-block-social-links-is-layout-flex\"><li class=\"wp-social-link wp-social-link-facebook  wp-block-social-link\"><a href=\"https:\/\/www.facebook.com\/wordpresscochabamba\/\" class=\"wp-block-social-link-anchor\"><svg width=\"24\" height=\"24\" viewBox=\"0 0 24 24\" version=\"1.1\" xmlns=\"http:\/\/www.w3.org\/2000\/svg\" aria-hidden=\"true\" focusable=\"false\"><path d=\"M12 2C6.5 2 2 6.5 2 12c0 5 3.7 9.1 8.4 9.9v-7H7.9V12h2.5V9.8c0-2.5 1.5-3.9 3.8-3.9 1.1 0 2.2.2 2.2.2v2.5h-1.3c-1.2 0-1.6.8-1.6 1.6V12h2.8l-.4 2.9h-2.3v7C18.3 21.1 22 17 22 12c0-5.5-4.5-10-10-10z\"><\/path><\/svg><span class=\"wp-block-social-link-label screen-reader-text\">Facebook<\/span><\/a><\/li>\n\n<li class=\"wp-social-link wp-social-link-instagram  wp-block-social-link\"><a href=\"https:\/\/www.instagram.com\/wordcampcbb\/\" class=\"wp-block-social-link-anchor\"><svg width=\"24\" height=\"24\" viewBox=\"0 0 24 24\" version=\"1.1\" xmlns=\"http:\/\/www.w3.org\/2000\/svg\" aria-hidden=\"true\" focusable=\"false\"><path d=\"M12,4.622c2.403,0,2.688,0.009,3.637,0.052c0.877,0.04,1.354,0.187,1.671,0.31c0.42,0.163,0.72,0.358,1.035,0.673 c0.315,0.315,0.51,0.615,0.673,1.035c0.123,0.317,0.27,0.794,0.31,1.671c0.043,0.949,0.052,1.234,0.052,3.637 s-0.009,2.688-0.052,3.637c-0.04,0.877-0.187,1.354-0.31,1.671c-0.163,0.42-0.358,0.72-0.673,1.035 c-0.315,0.315-0.615,0.51-1.035,0.673c-0.317,0.123-0.794,0.27-1.671,0.31c-0.949,0.043-1.233,0.052-3.637,0.052 s-2.688-0.009-3.637-0.052c-0.877-0.04-1.354-0.187-1.671-0.31c-0.42-0.163-0.72-0.358-1.035-0.673 c-0.315-0.315-0.51-0.615-0.673-1.035c-0.123-0.317-0.27-0.794-0.31-1.671C4.631,14.688,4.622,14.403,4.622,12 s0.009-2.688,0.052-3.637c0.04-0.877,0.187-1.354,0.31-1.671c0.163-0.42,0.358-0.72,0.673-1.035 c0.315-0.315,0.615-0.51,1.035-0.673c0.317-0.123,0.794-0.27,1.671-0.31C9.312,4.631,9.597,4.622,12,4.622 M12,3 C9.556,3,9.249,3.01,8.289,3.054C7.331,3.098,6.677,3.25,6.105,3.472C5.513,3.702,5.011,4.01,4.511,4.511 c-0.5,0.5-0.808,1.002-1.038,1.594C3.25,6.677,3.098,7.331,3.054,8.289C3.01,9.249,3,9.556,3,12c0,2.444,0.01,2.751,0.054,3.711 c0.044,0.958,0.196,1.612,0.418,2.185c0.23,0.592,0.538,1.094,1.038,1.594c0.5,0.5,1.002,0.808,1.594,1.038 c0.572,0.222,1.227,0.375,2.185,0.418C9.249,20.99,9.556,21,12,21s2.751-0.01,3.711-0.054c0.958-0.044,1.612-0.196,2.185-0.418 c0.592-0.23,1.094-0.538,1.594-1.038c0.5-0.5,0.808-1.002,1.038-1.594c0.222-0.572,0.375-1.227,0.418-2.185 C20.99,14.751,21,14.444,21,12s-0.01-2.751-0.054-3.711c-0.044-0.958-0.196-1.612-0.418-2.185c-0.23-0.592-0.538-1.094-1.038-1.594 c-0.5-0.5-1.002-0.808-1.594-1.038c-0.572-0.222-1.227-0.375-2.185-0.418C14.751,3.01,14.444,3,12,3L12,3z M12,7.378 c-2.552,0-4.622,2.069-4.622,4.622S9.448,16.622,12,16.622s4.622-2.069,4.622-4.622S14.552,7.378,12,7.378z M12,15 c-1.657,0-3-1.343-3-3s1.343-3,3-3s3,1.343,3,3S13.657,15,12,15z M16.804,6.116c-0.596,0-1.08,0.484-1.08,1.08 s0.484,1.08,1.08,1.08c0.596,0,1.08-0.484,1.08-1.08S17.401,6.116,16.804,6.116z\"><\/path><\/svg><span class=\"wp-block-social-link-label screen-reader-text\">Instagram<\/span><\/a><\/li><\/ul>\n\n\n<a href=\"https:\/\/cochabamba.wordcamp.org\/2021\/tickets\/\">Por favor, ve esta p\u00e1gina en un navegador para hacer una compra o gestionar entradas.<\/a>\n\n\n\n<h4 class=\"has-text-align-center wp-block-heading\">Agradecimiento a nuestros patrocinadores Oro:<\/h4>\n\n\n\n<div style=\"height:22px\" aria-hidden=\"true\" class=\"wp-block-spacer\"><\/div>\n\n\n\n<div class=\"wp-block-columns alignfull is-layout-flex wp-container-core-columns-is-layout-9d6595d7 wp-block-columns-is-layout-flex\">\n<div class=\"wp-block-column is-layout-flow wp-block-column-is-layout-flow\">\n<div style=\"height:50px\" aria-hidden=\"true\" class=\"wp-block-spacer\"><\/div>\n\n\n\n<figure class=\"wp-block-image size-large is-resized is-style-default\"><a href=\"https:\/\/cochabamba.wordcamp.org\/2021\/sponsor\/siteground\/\"><img loading=\"lazy\" decoding=\"async\" src=\"https:\/\/cochabamba.wordcamp.org\/2021\/files\/2021\/04\/siteground-logo-negro-transparente-400x81-1.png\" alt=\"\" class=\"wp-image-1124\" width=\"554\" height=\"112\" srcset=\"https:\/\/cochabamba.wordcamp.org\/2021\/files\/2021\/04\/siteground-logo-negro-transparente-400x81-1.png 400w, https:\/\/cochabamba.wordcamp.org\/2021\/files\/2021\/04\/siteground-logo-negro-transparente-400x81-1-300x61.png 300w\" sizes=\"auto, (max-width: 554px) 100vw, 554px\" \/><\/a><\/figure>\n<\/div>\n\n\n\n<div class=\"wp-block-column is-layout-flow wp-block-column-is-layout-flow\">\n<figure class=\"wp-block-image size-large is-resized is-style-default\"><a href=\"https:\/\/cochabamba.wordcamp.org\/2021\/sponsor\/yoast-bv\/\"><img loading=\"lazy\" decoding=\"async\" src=\"https:\/\/cochabamba.wordcamp.org\/2021\/files\/2021\/03\/Yoast_Logo_tagline_1000px_RGB.png\" alt=\"\" class=\"wp-image-915\" width=\"422\" height=\"88\" \/><\/a><\/figure>\n<\/div>\n\n\n\n<div class=\"wp-block-column is-layout-flow wp-block-column-is-layout-flow\">\n<div style=\"height:44px\" aria-hidden=\"true\" class=\"wp-block-spacer\"><\/div>\n\n\n\n<figure class=\"wp-block-image size-large is-resized is-style-default\"><a href=\"https:\/\/cochabamba.wordcamp.org\/2021\/sponsor\/green-geeks\/\"><img loading=\"lazy\" decoding=\"async\" src=\"https:\/\/cochabamba.wordcamp.org\/2021\/files\/2021\/04\/ul5Z8g0jF-1.png\" alt=\"\" class=\"wp-image-1054\" width=\"527\" height=\"104\" srcset=\"https:\/\/cochabamba.wordcamp.org\/2021\/files\/2021\/04\/ul5Z8g0jF-1.png 505w, https:\/\/cochabamba.wordcamp.org\/2021\/files\/2021\/04\/ul5Z8g0jF-1-300x59.png 300w, https:\/\/cochabamba.wordcamp.org\/2021\/files\/2021\/04\/ul5Z8g0jF-1-500x99.png 500w\" sizes=\"auto, (max-width: 527px) 100vw, 527px\" \/><\/a><\/figure>\n<\/div>\n<\/div>\n\n\n\n<div class=\"wp-block-columns alignfull is-layout-flex wp-container-core-columns-is-layout-9d6595d7 wp-block-columns-is-layout-flex\">\n<div class=\"wp-block-column is-layout-flow wp-block-column-is-layout-flow\">\n<div style=\"height:45px\" aria-hidden=\"true\" class=\"wp-block-spacer\"><\/div>\n\n\n\n<figure class=\"wp-block-image size-large is-resized is-style-default\"><a href=\"https:\/\/cochabamba.wordcamp.org\/2021\/sponsor\/logicalweb\/\"><img loading=\"lazy\" decoding=\"async\" src=\"https:\/\/cochabamba.wordcamp.org\/2021\/files\/2021\/05\/mediano-1024x555.png\" alt=\"\" class=\"wp-image-1690\" width=\"501\" height=\"271\" srcset=\"https:\/\/cochabamba.wordcamp.org\/2021\/files\/2021\/05\/mediano-1024x555.png 1024w, https:\/\/cochabamba.wordcamp.org\/2021\/files\/2021\/05\/mediano-300x162.png 300w, https:\/\/cochabamba.wordcamp.org\/2021\/files\/2021\/05\/mediano-768x416.png 768w, https:\/\/cochabamba.wordcamp.org\/2021\/files\/2021\/05\/mediano-500x271.png 500w, https:\/\/cochabamba.wordcamp.org\/2021\/files\/2021\/05\/mediano.png 1119w\" sizes=\"auto, (max-width: 501px) 100vw, 501px\" \/><\/a><\/figure>\n<\/div>\n\n\n\n<div class=\"wp-block-column is-layout-flow wp-block-column-is-layout-flow\">\n<div style=\"height:63px\" aria-hidden=\"true\" class=\"wp-block-spacer\"><\/div>\n\n\n\n<figure class=\"wp-block-image size-large is-resized is-style-default\"><a href=\"https:\/\/cochabamba.wordcamp.org\/2021\/sponsor\/ninja-forms\/\"><img loading=\"lazy\" decoding=\"async\" src=\"https:\/\/cochabamba.wordcamp.org\/2021\/files\/2021\/06\/Ninja-Forms-vector-image-single-color-1.png\" alt=\"\" class=\"wp-image-2013\" width=\"358\" height=\"220\" srcset=\"https:\/\/cochabamba.wordcamp.org\/2021\/files\/2021\/06\/Ninja-Forms-vector-image-single-color-1.png 589w, https:\/\/cochabamba.wordcamp.org\/2021\/files\/2021\/06\/Ninja-Forms-vector-image-single-color-1-300x185.png 300w, https:\/\/cochabamba.wordcamp.org\/2021\/files\/2021\/06\/Ninja-Forms-vector-image-single-color-1-487x300.png 487w\" sizes=\"auto, (max-width: 358px) 100vw, 358px\" \/><\/a><\/figure>\n<\/div>\n\n\n\n<div class=\"wp-block-column is-layout-flow wp-block-column-is-layout-flow\">\n<div style=\"height:78px\" aria-hidden=\"true\" class=\"wp-block-spacer\"><\/div>\n\n\n\n<figure class=\"wp-block-image size-large is-resized\"><a href=\"https:\/\/cochabamba.wordcamp.org\/2021\/sponsor\/godaddy-pro\/\"><img loading=\"lazy\" decoding=\"async\" src=\"https:\/\/cochabamba.wordcamp.org\/2021\/files\/2021\/06\/GD_PRO_RGB_BLACK-1024x210.png\" alt=\"\" class=\"wp-image-2441\" width=\"930\" height=\"190\" srcset=\"https:\/\/cochabamba.wordcamp.org\/2021\/files\/2021\/06\/GD_PRO_RGB_BLACK-1024x210.png 1024w, https:\/\/cochabamba.wordcamp.org\/2021\/files\/2021\/06\/GD_PRO_RGB_BLACK-300x62.png 300w, https:\/\/cochabamba.wordcamp.org\/2021\/files\/2021\/06\/GD_PRO_RGB_BLACK-768x158.png 768w, https:\/\/cochabamba.wordcamp.org\/2021\/files\/2021\/06\/GD_PRO_RGB_BLACK-500x103.png 500w, https:\/\/cochabamba.wordcamp.org\/2021\/files\/2021\/06\/GD_PRO_RGB_BLACK-1536x315.png 1536w, https:\/\/cochabamba.wordcamp.org\/2021\/files\/2021\/06\/GD_PRO_RGB_BLACK-2048x421.png 2048w, https:\/\/cochabamba.wordcamp.org\/2021\/files\/2021\/06\/GD_PRO_RGB_BLACK-1568x322.png 1568w\" sizes=\"auto, (max-width: 930px) 100vw, 930px\" \/><\/a><\/figure>\n<\/div>\n<\/div>\n\n\n\n<div style=\"height:26px\" aria-hidden=\"true\" class=\"wp-block-spacer\"><\/div>\n\n\n\n<h4 class=\"has-text-align-center wp-block-heading\">Agradecimiento a nuestros patrocinadores Plata:<\/h4>\n\n\n\n<div style=\"height:23px\" aria-hidden=\"true\" class=\"wp-block-spacer\"><\/div>\n\n\n\n<div class=\"wp-block-columns alignfull is-layout-flex wp-container-core-columns-is-layout-9d6595d7 wp-block-columns-is-layout-flex\">\n<div class=\"wp-block-column is-layout-flow wp-block-column-is-layout-flow\">\n<div style=\"height:40px\" aria-hidden=\"true\" class=\"wp-block-spacer\"><\/div>\n\n\n\n<figure class=\"wp-block-image size-large is-resized is-style-default\"><a href=\"https:\/\/cochabamba.wordcamp.org\/2021\/sponsor\/webempresa\/\"><img loading=\"lazy\" decoding=\"async\" src=\"https:\/\/cochabamba.wordcamp.org\/2021\/files\/2021\/04\/logo_webempresa-1200x628px-1024x166.png\" alt=\"\" class=\"wp-image-1081\" width=\"501\" height=\"81\" srcset=\"https:\/\/cochabamba.wordcamp.org\/2021\/files\/2021\/04\/logo_webempresa-1200x628px-1024x166.png 1024w, https:\/\/cochabamba.wordcamp.org\/2021\/files\/2021\/04\/logo_webempresa-1200x628px-300x49.png 300w, https:\/\/cochabamba.wordcamp.org\/2021\/files\/2021\/04\/logo_webempresa-1200x628px-768x125.png 768w, https:\/\/cochabamba.wordcamp.org\/2021\/files\/2021\/04\/logo_webempresa-1200x628px-500x81.png 500w, https:\/\/cochabamba.wordcamp.org\/2021\/files\/2021\/04\/logo_webempresa-1200x628px-1536x250.png 1536w, https:\/\/cochabamba.wordcamp.org\/2021\/files\/2021\/04\/logo_webempresa-1200x628px-2048x333.png 2048w, https:\/\/cochabamba.wordcamp.org\/2021\/files\/2021\/04\/logo_webempresa-1200x628px-1568x255.png 1568w\" sizes=\"auto, (max-width: 501px) 100vw, 501px\" \/><\/a><\/figure>\n<\/div>\n\n\n\n<div class=\"wp-block-column is-layout-flow wp-block-column-is-layout-flow\">\n<div style=\"height:34px\" aria-hidden=\"true\" class=\"wp-block-spacer\"><\/div>\n\n\n\n<figure class=\"wp-block-image size-large is-resized is-style-default\"><a href=\"https:\/\/cochabamba.wordcamp.org\/2021\/sponsor\/desafio-digital\/\"><img loading=\"lazy\" decoding=\"async\" src=\"https:\/\/cochabamba.wordcamp.org\/2021\/files\/2021\/03\/logotipo-desafio-digital-negro-1024x250.png\" alt=\"\" class=\"wp-image-1269\" width=\"485\" height=\"118\" srcset=\"https:\/\/cochabamba.wordcamp.org\/2021\/files\/2021\/03\/logotipo-desafio-digital-negro-1024x250.png 1024w, https:\/\/cochabamba.wordcamp.org\/2021\/files\/2021\/03\/logotipo-desafio-digital-negro-300x73.png 300w, https:\/\/cochabamba.wordcamp.org\/2021\/files\/2021\/03\/logotipo-desafio-digital-negro-768x187.png 768w, https:\/\/cochabamba.wordcamp.org\/2021\/files\/2021\/03\/logotipo-desafio-digital-negro-500x122.png 500w, https:\/\/cochabamba.wordcamp.org\/2021\/files\/2021\/03\/logotipo-desafio-digital-negro-1536x374.png 1536w, https:\/\/cochabamba.wordcamp.org\/2021\/files\/2021\/03\/logotipo-desafio-digital-negro-1568x382.png 1568w, https:\/\/cochabamba.wordcamp.org\/2021\/files\/2021\/03\/logotipo-desafio-digital-negro.png 1600w\" sizes=\"auto, (max-width: 485px) 100vw, 485px\" \/><\/a><\/figure>\n<\/div>\n\n\n\n<div class=\"wp-block-column is-layout-flow wp-block-column-is-layout-flow\">\n<figure class=\"wp-block-image size-large is-resized is-style-default\"><a href=\"https:\/\/cochabamba.wordcamp.org\/2021\/sponsor\/namecheap\/\"><img loading=\"lazy\" decoding=\"async\" src=\"https:\/\/cochabamba.wordcamp.org\/2021\/files\/2021\/04\/easywp-by-namecheap-logo.png\" alt=\"\" class=\"wp-image-1561\" width=\"552\" height=\"207\" srcset=\"https:\/\/cochabamba.wordcamp.org\/2021\/files\/2021\/04\/easywp-by-namecheap-logo.png 374w, https:\/\/cochabamba.wordcamp.org\/2021\/files\/2021\/04\/easywp-by-namecheap-logo-300x112.png 300w\" sizes=\"auto, (max-width: 552px) 100vw, 552px\" \/><\/a><\/figure>\n<\/div>\n<\/div>\n\n\n\n<div style=\"height:21px\" aria-hidden=\"true\" class=\"wp-block-spacer\"><\/div>\n\n\n\n<h4 class=\"has-text-align-center wp-block-heading\">Agradecimiento a nuestros patrocinadores Bronce:<\/h4>\n\n\n\n<div style=\"height:10px\" aria-hidden=\"true\" class=\"wp-block-spacer\"><\/div>\n\n\n\n<div class=\"wp-block-columns alignfull are-vertically-aligned-center is-layout-flex wp-container-core-columns-is-layout-9d6595d7 wp-block-columns-is-layout-flex\">\n<div class=\"wp-block-column is-vertically-aligned-center is-layout-flow wp-block-column-is-layout-flow\" style=\"flex-basis:33.33%\">\n<figure class=\"wp-block-image size-large is-resized is-style-default\"><a href=\"https:\/\/cochabamba.wordcamp.org\/2021\/sponsor\/iso-creativity\/\"><img loading=\"lazy\" decoding=\"async\" src=\"https:\/\/cochabamba.wordcamp.org\/2021\/files\/2021\/03\/ISO-logo-version-fondo-blanco-2-1024x351.png\" alt=\"\" class=\"wp-image-899\" width=\"425\" height=\"147\" srcset=\"https:\/\/cochabamba.wordcamp.org\/2021\/files\/2021\/03\/ISO-logo-version-fondo-blanco-2-1024x351.png 1024w, https:\/\/cochabamba.wordcamp.org\/2021\/files\/2021\/03\/ISO-logo-version-fondo-blanco-2-300x103.png 300w, https:\/\/cochabamba.wordcamp.org\/2021\/files\/2021\/03\/ISO-logo-version-fondo-blanco-2-768x263.png 768w\" sizes=\"auto, (max-width: 425px) 100vw, 425px\" \/><\/a><\/figure>\n<\/div>\n\n\n\n<div class=\"wp-block-column is-vertically-aligned-center is-layout-flow wp-block-column-is-layout-flow\" style=\"flex-basis:33.33%\">\n<figure class=\"wp-block-image size-large is-resized is-style-default\"><img loading=\"lazy\" decoding=\"async\" src=\"https:\/\/cochabamba.wordcamp.org\/2021\/files\/2021\/03\/logo_-1024x323.png\" alt=\"\" class=\"wp-image-984\" width=\"616\" height=\"195\" srcset=\"https:\/\/cochabamba.wordcamp.org\/2021\/files\/2021\/03\/logo_-1024x323.png 1024w, https:\/\/cochabamba.wordcamp.org\/2021\/files\/2021\/03\/logo_-300x95.png 300w, https:\/\/cochabamba.wordcamp.org\/2021\/files\/2021\/03\/logo_-768x243.png 768w, https:\/\/cochabamba.wordcamp.org\/2021\/files\/2021\/03\/logo_-500x158.png 500w, https:\/\/cochabamba.wordcamp.org\/2021\/files\/2021\/03\/logo_-1536x485.png 1536w, https:\/\/cochabamba.wordcamp.org\/2021\/files\/2021\/03\/logo_-1568x495.png 1568w, https:\/\/cochabamba.wordcamp.org\/2021\/files\/2021\/03\/logo_.png 1900w\" sizes=\"auto, (max-width: 616px) 100vw, 616px\" \/><\/figure>\n<\/div>\n\n\n\n<div class=\"wp-block-column is-layout-flow wp-block-column-is-layout-flow\" style=\"flex-basis:33.33%\">\n<figure class=\"wp-block-image size-large is-resized is-style-default\"><a href=\"https:\/\/cochabamba.wordcamp.org\/2021\/sponsor\/koalasoft\/\"><img loading=\"lazy\" decoding=\"async\" src=\"https:\/\/cochabamba.wordcamp.org\/2021\/files\/2021\/05\/logo-koalasoft2-1024x415.png\" alt=\"\" class=\"wp-image-1739\" width=\"410\" height=\"165\" srcset=\"https:\/\/cochabamba.wordcamp.org\/2021\/files\/2021\/05\/logo-koalasoft2-1024x415.png 1024w, https:\/\/cochabamba.wordcamp.org\/2021\/files\/2021\/05\/logo-koalasoft2-300x122.png 300w, https:\/\/cochabamba.wordcamp.org\/2021\/files\/2021\/05\/logo-koalasoft2-500x203.png 500w, https:\/\/cochabamba.wordcamp.org\/2021\/files\/2021\/05\/logo-koalasoft2-1536x623.png 1536w, https:\/\/cochabamba.wordcamp.org\/2021\/files\/2021\/05\/logo-koalasoft2-1568x636.png 1568w, https:\/\/cochabamba.wordcamp.org\/2021\/files\/2021\/05\/logo-koalasoft2.png 1972w\" sizes=\"auto, (max-width: 410px) 100vw, 410px\" \/><\/a><\/figure>\n<\/div>\n<\/div>\n\n\n\n<div class=\"wp-block-columns alignfull is-layout-flex wp-container-core-columns-is-layout-9d6595d7 wp-block-columns-is-layout-flex\">\n<div class=\"wp-block-column is-layout-flow wp-block-column-is-layout-flow\">\n<figure class=\"wp-block-image size-large is-resized\"><a href=\"https:\/\/cochabamba.wordcamp.org\/2021\/sponsor\/hostdron\/\"><img loading=\"lazy\" decoding=\"async\" src=\"https:\/\/cochabamba.wordcamp.org\/2021\/files\/2021\/05\/logo-hdn-mediano-PNG.png\" alt=\"\" class=\"wp-image-1808\" width=\"418\" height=\"209\" srcset=\"https:\/\/cochabamba.wordcamp.org\/2021\/files\/2021\/05\/logo-hdn-mediano-PNG.png 700w, https:\/\/cochabamba.wordcamp.org\/2021\/files\/2021\/05\/logo-hdn-mediano-PNG-300x150.png 300w, https:\/\/cochabamba.wordcamp.org\/2021\/files\/2021\/05\/logo-hdn-mediano-PNG-500x250.png 500w\" sizes=\"auto, (max-width: 418px) 100vw, 418px\" \/><\/a><\/figure>\n<\/div>\n\n\n\n<div class=\"wp-block-column is-layout-flow wp-block-column-is-layout-flow\">\n<div style=\"height:40px\" aria-hidden=\"true\" class=\"wp-block-spacer\"><\/div>\n\n\n\n<figure class=\"wp-block-image size-large is-resized\"><a href=\"https:\/\/cochabamba.wordcamp.org\/2021\/sponsor\/kinsta\/\"><img loading=\"lazy\" decoding=\"async\" src=\"https:\/\/cochabamba.wordcamp.org\/2021\/files\/2021\/06\/kinsta-logo-alpha-purple.png\" alt=\"\" class=\"wp-image-2413\" width=\"279\" height=\"55\" srcset=\"https:\/\/cochabamba.wordcamp.org\/2021\/files\/2021\/06\/kinsta-logo-alpha-purple.png 504w, https:\/\/cochabamba.wordcamp.org\/2021\/files\/2021\/06\/kinsta-logo-alpha-purple-300x60.png 300w, https:\/\/cochabamba.wordcamp.org\/2021\/files\/2021\/06\/kinsta-logo-alpha-purple-500x99.png 500w\" sizes=\"auto, (max-width: 279px) 100vw, 279px\" \/><\/a><\/figure>\n<\/div>\n<\/div>\n","protected":false},"excerpt":{"rendered":"<p>Reg\u00edstrate como Asistente al WordCamp (Si tu correo es de Gmail, puede que la confirmaci\u00f3n de la entrada llegue a la pesta\u00f1a de Promociones o Sociales, por favor rev\u00edsalos) S\u00edguenos en nuestras redes sociales para tener m\u00e1s informaci\u00f3n a medida que se acerca el WordCamp: Agradecimiento a nuestros patrocinadores Oro: Agradecimiento a nuestros patrocinadores Plata:&hellip; <a class=\"more-link\" href=\"https:\/\/cochabamba.wordcamp.org\/2021\/tickets\/\">Seguir leyendo <span class=\"screen-reader-text\">Registro<\/span><\/a><\/p>\n","protected":false},"author":15645268,"featured_media":430,"parent":0,"menu_order":0,"comment_status":"closed","ping_status":"closed","template":"","meta":{"jetpack_post_was_ever_published":false,"footnotes":""},"class_list":["post-13","page","type-page","status-publish","has-post-thumbnail","hentry","entry"],"jetpack_sharing_enabled":true,"_links":{"self":[{"href":"https:\/\/cochabamba.wordcamp.org\/2021\/wp-json\/wp\/v2\/pages\/13","targetHints":{"allow":["GET"]}}],"collection":[{"href":"https:\/\/cochabamba.wordcamp.org\/2021\/wp-json\/wp\/v2\/pages"}],"about":[{"href":"https:\/\/cochabamba.wordcamp.org\/2021\/wp-json\/wp\/v2\/types\/page"}],"author":[{"embeddable":true,"href":"https:\/\/cochabamba.wordcamp.org\/2021\/wp-json\/wp\/v2\/users\/15645268"}],"replies":[{"embeddable":true,"href":"https:\/\/cochabamba.wordcamp.org\/2021\/wp-json\/wp\/v2\/comments?post=13"}],"version-history":[{"count":61,"href":"https:\/\/cochabamba.wordcamp.org\/2021\/wp-json\/wp\/v2\/pages\/13\/revisions"}],"predecessor-version":[{"id":2564,"href":"https:\/\/cochabamba.wordcamp.org\/2021\/wp-json\/wp\/v2\/pages\/13\/revisions\/2564"}],"wp:featuredmedia":[{"embeddable":true,"href":"https:\/\/cochabamba.wordcamp.org\/2021\/wp-json\/wp\/v2\/media\/430"}],"wp:attachment":[{"href":"https:\/\/cochabamba.wordcamp.org\/2021\/wp-json\/wp\/v2\/media?parent=13"}],"curies":[{"name":"wp","href":"https:\/\/api.w.org\/{rel}","templated":true}]}}